{"id":63,"date":"2023-11-22T12:31:06","date_gmt":"2023-11-22T11:31:06","guid":{"rendered":"https:\/\/www.yakasaider.fr\/article\/?page_id=63"},"modified":"2024-06-12T14:58:06","modified_gmt":"2024-06-12T12:58:06","slug":"yakasaider","status":"publish","type":"page","link":"https:\/\/www.yakasaider.fr\/article\/","title":{"rendered":"Yakasaider"},"content":{"rendered":"<h2><strong><span style=\"color: #0a99cd;\">Nos cat\u00e9gories<\/span><\/strong><\/h2>\n<div class=\"homecategories\">\n<div class=\"categorie-item\"><img decoding=\"async\" src=\"https:\/\/www.yakasaider.fr\/article\/wp-content\/uploads\/2024\/02\/entraide-solidarite-11.png\" class=\"coverimage\"><\/p>\n<div class=\"hometitle\">Entraide<\/div>\n<p class=\"resume\">Entraide et solidarit\u00e9 : de l\u2019\u00e9change de services aux aides en cas de difficult\u00e9s financi\u00e8res<\/p>\n<p><a class=\"lien\" href=\"https:\/\/www.yakasaider.fr\/article\/entraide\/\">Lire la suite<\/a><\/div>\n<div class=\"categorie-item\"><img decoding=\"async\" src=\"https:\/\/www.yakasaider.fr\/article\/wp-content\/uploads\/2024\/01\/guide-aides-reparation-11.jpg\" class=\"coverimage\"><\/p>\n<div class=\"hometitle\">R\u00e9parations<\/div>\n<p class=\"resume\">Le guide des aides financi\u00e8res et astuces pour effectuer toutes vos r\u00e9parations<\/p>\n<p><a class=\"lien\" href=\"https:\/\/www.yakasaider.fr\/article\/aides-reparations\/\">Lire la suite<\/a><\/div>\n<div class=\"categorie-item\"><img decoding=\"async\" src=\"https:\/\/www.yakasaider.fr\/article\/wp-content\/uploads\/2024\/03\/services-a-la-personne-11.jpg\" class=\"coverimage\"><\/p>\n<div class=\"hometitle\">Services \u00e0 la personne<\/div>\n<p class=\"resume\">Services \u00e0 la personne : quelles sont les activit\u00e9s \u00e9ligibles ? Quelles aides ?<\/p>\n<p><a class=\"lien\" href=\"https:\/\/www.yakasaider.fr\/article\/services-a-la-personne\/\">Lire la suite<\/a><\/div>\n<div class=\"categorie-item\"><img decoding=\"async\" src=\"https:\/\/www.yakasaider.fr\/article\/wp-content\/uploads\/2024\/01\/aides-logement-22.jpg\" class=\"coverimage\"><\/p>\n<div class=\"hometitle\">Logement<\/div>\n<p class=\"resume\">Guide sur le logement : solutions pour travaux, d\u00e9m\u00e9nagement, location et aides au loyer<\/p>\n<p><a class=\"lien\" href=\"https:\/\/www.yakasaider.fr\/article\/logement\/\">Lire la suite<\/a><\/div>\n<div class=\"categorie-item\"><img decoding=\"async\" src=\"https:\/\/www.yakasaider.fr\/article\/wp-content\/uploads\/2024\/02\/aides-juridiques-11.png\" class=\"coverimage\"><\/p>\n<div class=\"hometitle\">Aides juridiques<\/div>\n<p class=\"resume\">Guide sur les aides juridiques : comment faire valoir vos droits ? Quelles sont les options ?<\/p>\n<p><a class=\"lien\" href=\"https:\/\/www.yakasaider.fr\/article\/aides-juridiques\/\">Lire la suite<\/a><\/div>\n<div class=\"clear\"><\/div>\n<\/div>\n","protected":false},"excerpt":{"rendered":"<p>Nos cat\u00e9gories Entraide Entraide et solidarit\u00e9 : de l\u2019\u00e9change de services aux aides en cas de difficult\u00e9s financi\u00e8res Lire la suite R\u00e9parations Le guide des aides financi\u00e8res et astuces pour effectuer toutes vos r\u00e9parations Lire la suite Services \u00e0 la personne Services \u00e0 la personne : quelles [&hellip;]<\/p>\n","protected":false},"author":1,"featured_media":0,"parent":0,"menu_order":0,"comment_status":"closed","ping_status":"closed","template":"","meta":{"footnotes":""},"class_list":["post-63","page","type-page","status-publish","hentry"],"yoast_head":"<!-- This site is optimized with the Yoast SEO plugin v23.7 - https:\/\/yoast.com\/wordpress\/plugins\/seo\/ -->\n<title>Nos articles sur l&#039;\u00e9change, la solidarit\u00e9 et l&#039;entraide<\/title>\n<meta name=\"description\" content=\"Tous les informations sur les \u00e9changes de services, les aides pour r\u00e9parer un objet, faire des travaux et obtenir un coup de main\" \/>\n<meta name=\"robots\" content=\"index, follow, max-snippet:-1, max-image-preview:large, max-video-preview:-1\" \/>\n<link rel=\"canonical\" href=\"https:\/\/www.yakasaider.fr\/article\/\" \/>\n<meta property=\"og:locale\" content=\"fr_FR\" \/>\n<meta property=\"og:type\" content=\"article\" \/>\n<meta property=\"og:title\" content=\"Nos articles sur l&#039;\u00e9change, la solidarit\u00e9 et l&#039;entraide\" \/>\n<meta property=\"og:description\" content=\"Tous les informations sur les \u00e9changes de services, les aides pour r\u00e9parer un objet, faire des travaux et obtenir un coup de main\" \/>\n<meta property=\"og:url\" content=\"https:\/\/www.yakasaider.fr\/article\/\" \/>\n<meta property=\"og:site_name\" content=\"Yakasaider\" \/>\n<meta property=\"article:modified_time\" content=\"2024-06-12T12:58:06+00:00\" \/>\n<meta property=\"og:image\" content=\"https:\/\/www.yakasaider.fr\/article\/wp-content\/uploads\/2024\/02\/entraide-solidarite-11.png\" \/>\n<meta name=\"twitter:card\" content=\"summary_large_image\" \/>\n<meta name=\"twitter:label1\" content=\"Dur\u00e9e de lecture estim\u00e9e\" \/>\n\t<meta name=\"twitter:data1\" content=\"1 minute\" \/>\n<script type=\"application\/ld+json\" class=\"yoast-schema-graph\">{\"@context\":\"https:\/\/schema.org\",\"@graph\":[{\"@type\":\"WebPage\",\"@id\":\"https:\/\/www.yakasaider.fr\/article\/\",\"url\":\"https:\/\/www.yakasaider.fr\/article\/\",\"name\":\"Nos articles sur l'\u00e9change, la solidarit\u00e9 et l'entraide\",\"isPartOf\":{\"@id\":\"https:\/\/www.yakasaider.fr\/article\/#website\"},\"primaryImageOfPage\":{\"@id\":\"https:\/\/www.yakasaider.fr\/article\/#primaryimage\"},\"image\":{\"@id\":\"https:\/\/www.yakasaider.fr\/article\/#primaryimage\"},\"thumbnailUrl\":\"https:\/\/www.yakasaider.fr\/article\/wp-content\/uploads\/2024\/02\/entraide-solidarite-11.png\",\"datePublished\":\"2023-11-22T11:31:06+00:00\",\"dateModified\":\"2024-06-12T12:58:06+00:00\",\"description\":\"Tous les informations sur les \u00e9changes de services, les aides pour r\u00e9parer un objet, faire des travaux et obtenir un coup de main\",\"breadcrumb\":{\"@id\":\"https:\/\/www.yakasaider.fr\/article\/#breadcrumb\"},\"inLanguage\":\"fr-FR\",\"potentialAction\":[{\"@type\":\"ReadAction\",\"target\":[\"https:\/\/www.yakasaider.fr\/article\/\"]}]},{\"@type\":\"ImageObject\",\"inLanguage\":\"fr-FR\",\"@id\":\"https:\/\/www.yakasaider.fr\/article\/#primaryimage\",\"url\":\"https:\/\/www.yakasaider.fr\/article\/wp-content\/uploads\/2024\/02\/entraide-solidarite-11.png\",\"contentUrl\":\"https:\/\/www.yakasaider.fr\/article\/wp-content\/uploads\/2024\/02\/entraide-solidarite-11.png\",\"width\":1000,\"height\":666,\"caption\":\"Entraide et solidarit\u00e9\"},{\"@type\":\"BreadcrumbList\",\"@id\":\"https:\/\/www.yakasaider.fr\/article\/#breadcrumb\",\"itemListElement\":[{\"@type\":\"ListItem\",\"position\":1,\"name\":\"Accueil\",\"item\":\"https:\/\/www.yakasaider.fr\/\"},{\"@type\":\"ListItem\",\"position\":2,\"name\":\"Article\",\"item\":\"https:\/\/www.yakasaider.fr\/article\/\"},{\"@type\":\"ListItem\",\"position\":3,\"name\":\"Yakasaider\"}]},{\"@type\":\"WebSite\",\"@id\":\"https:\/\/www.yakasaider.fr\/article\/#website\",\"url\":\"https:\/\/www.yakasaider.fr\/article\/\",\"name\":\"Yakasaider\",\"description\":\"Echange de services entre particuliers\",\"publisher\":{\"@id\":\"https:\/\/www.yakasaider.fr\/article\/#organization\"},\"potentialAction\":[{\"@type\":\"SearchAction\",\"target\":{\"@type\":\"EntryPoint\",\"urlTemplate\":\"https:\/\/www.yakasaider.fr\/article\/?s={search_term_string}\"},\"query-input\":{\"@type\":\"PropertyValueSpecification\",\"valueRequired\":true,\"valueName\":\"search_term_string\"}}],\"inLanguage\":\"fr-FR\"},{\"@type\":\"Organization\",\"@id\":\"https:\/\/www.yakasaider.fr\/article\/#organization\",\"name\":\"Yakasaider\",\"url\":\"https:\/\/www.yakasaider.fr\/article\/\",\"logo\":{\"@type\":\"ImageObject\",\"inLanguage\":\"fr-FR\",\"@id\":\"https:\/\/www.yakasaider.fr\/article\/#\/schema\/logo\/image\/\",\"url\":\"https:\/\/www.yakasaider.fr\/article\/wp-content\/uploads\/2023\/11\/cropped-logo.png\",\"contentUrl\":\"https:\/\/www.yakasaider.fr\/article\/wp-content\/uploads\/2023\/11\/cropped-logo.png\",\"width\":380,\"height\":74,\"caption\":\"Yakasaider\"},\"image\":{\"@id\":\"https:\/\/www.yakasaider.fr\/article\/#\/schema\/logo\/image\/\"}}]}<\/script>\n<!-- \/ Yoast SEO plugin. -->","yoast_head_json":{"title":"Nos articles sur l'\u00e9change, la solidarit\u00e9 et l'entraide","description":"Tous les informations sur les \u00e9changes de services, les aides pour r\u00e9parer un objet, faire des travaux et obtenir un coup de main","robots":{"index":"index","follow":"follow","max-snippet":"max-snippet:-1","max-image-preview":"max-image-preview:large","max-video-preview":"max-video-preview:-1"},"canonical":"https:\/\/www.yakasaider.fr\/article\/","og_locale":"fr_FR","og_type":"article","og_title":"Nos articles sur l'\u00e9change, la solidarit\u00e9 et l'entraide","og_description":"Tous les informations sur les \u00e9changes de services, les aides pour r\u00e9parer un objet, faire des travaux et obtenir un coup de main","og_url":"https:\/\/www.yakasaider.fr\/article\/","og_site_name":"Yakasaider","article_modified_time":"2024-06-12T12:58:06+00:00","og_image":[{"url":"https:\/\/www.yakasaider.fr\/article\/wp-content\/uploads\/2024\/02\/entraide-solidarite-11.png"}],"twitter_card":"summary_large_image","twitter_misc":{"Dur\u00e9e de lecture estim\u00e9e":"1 minute"},"schema":{"@context":"https:\/\/schema.org","@graph":[{"@type":"WebPage","@id":"https:\/\/www.yakasaider.fr\/article\/","url":"https:\/\/www.yakasaider.fr\/article\/","name":"Nos articles sur l'\u00e9change, la solidarit\u00e9 et l'entraide","isPartOf":{"@id":"https:\/\/www.yakasaider.fr\/article\/#website"},"primaryImageOfPage":{"@id":"https:\/\/www.yakasaider.fr\/article\/#primaryimage"},"image":{"@id":"https:\/\/www.yakasaider.fr\/article\/#primaryimage"},"thumbnailUrl":"https:\/\/www.yakasaider.fr\/article\/wp-content\/uploads\/2024\/02\/entraide-solidarite-11.png","datePublished":"2023-11-22T11:31:06+00:00","dateModified":"2024-06-12T12:58:06+00:00","description":"Tous les informations sur les \u00e9changes de services, les aides pour r\u00e9parer un objet, faire des travaux et obtenir un coup de main","breadcrumb":{"@id":"https:\/\/www.yakasaider.fr\/article\/#breadcrumb"},"inLanguage":"fr-FR","potentialAction":[{"@type":"ReadAction","target":["https:\/\/www.yakasaider.fr\/article\/"]}]},{"@type":"ImageObject","inLanguage":"fr-FR","@id":"https:\/\/www.yakasaider.fr\/article\/#primaryimage","url":"https:\/\/www.yakasaider.fr\/article\/wp-content\/uploads\/2024\/02\/entraide-solidarite-11.png","contentUrl":"https:\/\/www.yakasaider.fr\/article\/wp-content\/uploads\/2024\/02\/entraide-solidarite-11.png","width":1000,"height":666,"caption":"Entraide et solidarit\u00e9"},{"@type":"BreadcrumbList","@id":"https:\/\/www.yakasaider.fr\/article\/#breadcrumb","itemListElement":[{"@type":"ListItem","position":1,"name":"Accueil","item":"https:\/\/www.yakasaider.fr\/"},{"@type":"ListItem","position":2,"name":"Article","item":"https:\/\/www.yakasaider.fr\/article\/"},{"@type":"ListItem","position":3,"name":"Yakasaider"}]},{"@type":"WebSite","@id":"https:\/\/www.yakasaider.fr\/article\/#website","url":"https:\/\/www.yakasaider.fr\/article\/","name":"Yakasaider","description":"Echange de services entre particuliers","publisher":{"@id":"https:\/\/www.yakasaider.fr\/article\/#organization"},"potentialAction":[{"@type":"SearchAction","target":{"@type":"EntryPoint","urlTemplate":"https:\/\/www.yakasaider.fr\/article\/?s={search_term_string}"},"query-input":{"@type":"PropertyValueSpecification","valueRequired":true,"valueName":"search_term_string"}}],"inLanguage":"fr-FR"},{"@type":"Organization","@id":"https:\/\/www.yakasaider.fr\/article\/#organization","name":"Yakasaider","url":"https:\/\/www.yakasaider.fr\/article\/","logo":{"@type":"ImageObject","inLanguage":"fr-FR","@id":"https:\/\/www.yakasaider.fr\/article\/#\/schema\/logo\/image\/","url":"https:\/\/www.yakasaider.fr\/article\/wp-content\/uploads\/2023\/11\/cropped-logo.png","contentUrl":"https:\/\/www.yakasaider.fr\/article\/wp-content\/uploads\/2023\/11\/cropped-logo.png","width":380,"height":74,"caption":"Yakasaider"},"image":{"@id":"https:\/\/www.yakasaider.fr\/article\/#\/schema\/logo\/image\/"}}]}},"_links":{"self":[{"href":"https:\/\/www.yakasaider.fr\/article\/wp-json\/wp\/v2\/pages\/63","targetHints":{"allow":["GET"]}}],"collection":[{"href":"https:\/\/www.yakasaider.fr\/article\/wp-json\/wp\/v2\/pages"}],"about":[{"href":"https:\/\/www.yakasaider.fr\/article\/wp-json\/wp\/v2\/types\/page"}],"author":[{"embeddable":true,"href":"https:\/\/www.yakasaider.fr\/article\/wp-json\/wp\/v2\/users\/1"}],"replies":[{"embeddable":true,"href":"https:\/\/www.yakasaider.fr\/article\/wp-json\/wp\/v2\/comments?post=63"}],"version-history":[{"count":1,"href":"https:\/\/www.yakasaider.fr\/article\/wp-json\/wp\/v2\/pages\/63\/revisions"}],"predecessor-version":[{"id":24548,"href":"https:\/\/www.yakasaider.fr\/article\/wp-json\/wp\/v2\/pages\/63\/revisions\/24548"}],"wp:attachment":[{"href":"https:\/\/www.yakasaider.fr\/article\/wp-json\/wp\/v2\/media?parent=63"}],"curies":[{"name":"wp","href":"https:\/\/api.w.org\/{rel}","templated":true}]}}