{"id":1603,"date":"2024-03-11T07:38:47","date_gmt":"2024-03-11T06:38:47","guid":{"rendered":"https:\/\/www.yakasaider.fr\/article\/?page_id=1603"},"modified":"2024-05-14T14:45:19","modified_gmt":"2024-05-14T12:45:19","slug":"contact-presse","status":"publish","type":"page","link":"https:\/\/www.yakasaider.fr\/article\/contact-presse\/","title":{"rendered":"Espace presse : contactez-nous ou t\u00e9l\u00e9chargez des \u00e9l\u00e9ments graphiques de Yakasaider"},"content":{"rendered":"<h1><span style=\"color: #0e99cd;\"><strong>Espace presse : contactez-nous ou t\u00e9l\u00e9chargez des \u00e9l\u00e9ments graphiques de Yakasaider<\/strong><\/span><\/h1>\n<p><strong>Bienvenue dans notre section d\u00e9di\u00e9e \u00e0 la presse<\/strong>.<\/p>\n<p>Ici, nous avons regroup\u00e9 les ressources n\u00e9cessaires pour ceux qui d\u00e9sirent partager la mission de Yakasaider, ax\u00e9e sur la promotion de l&rsquo;\u00e9change de services gratuits entre particuliers. Vous aurez acc\u00e8s \u00e0 <strong>nos informations de contact<\/strong> ainsi qu&rsquo;\u00e0 une <strong>s\u00e9lection d&rsquo;\u00e9l\u00e9ments graphiques<\/strong> pr\u00eats \u00e0 \u00eatre t\u00e9l\u00e9charg\u00e9s, con\u00e7us pour simplifier votre travail de communication.<\/p>\n<div class=\"boxshadow \">\n<h2><strong><span style=\"color: #0a99cd;\">Les m\u00e9dias parlent de Yakasaider<\/span><\/strong><\/h2>\n<p><img loading=\"lazy\" decoding=\"async\" class=\"alignnone wp-image-1605 size-full\" src=\"https:\/\/www.yakasaider.fr\/article\/wp-content\/uploads\/2024\/03\/espace-presse-media-11.jpg\" alt=\"Les m\u00e9dias qui parlent de Yakasaider\" width=\"1131\" height=\"236\" srcset=\"https:\/\/www.yakasaider.fr\/article\/wp-content\/uploads\/2024\/03\/espace-presse-media-11.jpg 1131w, https:\/\/www.yakasaider.fr\/article\/wp-content\/uploads\/2024\/03\/espace-presse-media-11-300x63.jpg 300w, https:\/\/www.yakasaider.fr\/article\/wp-content\/uploads\/2024\/03\/espace-presse-media-11-1024x214.jpg 1024w, https:\/\/www.yakasaider.fr\/article\/wp-content\/uploads\/2024\/03\/espace-presse-media-11-768x160.jpg 768w\" sizes=\"auto, (max-width: 1131px) 100vw, 1131px\" \/><\/p>\n<\/div>\n<div class=\"boxshadow \">\n<h2><strong><span style=\"color: #0a99cd;\">Vous souhaitez faire un sujet sur Yakasaider ?\u00a0<\/span><\/strong><\/h2>\n<p>Si vous avez besoin d&rsquo;informations ou autres, vous pouvez nous contacter directement \u00e0 l&rsquo;adresse suivante :<\/p>\n<p style=\"text-align: center;\"><span style=\"font-family: POLICE; font-size: 30px;\"><a href=\"mailto:presse@yakasaider.fr\"><strong>presse@yakasaider.fr<\/strong><\/a><\/span><\/p>\n<p>Nous r\u00e9pondrons avec plaisir \u00e0 l&rsquo;ensemble de vos sollicitations.<\/p>\n<\/div>\n<div class=\"boxshadow \">\n<h2><strong><span style=\"color: #0a99cd;\">Les ressources presse de Yakasaider<\/span><\/strong><\/h2>\n<p>Voici la liste des derniers communiqu\u00e9s de presse et dossiers de presse :<\/p>\n\n<ul class=\"list-13\">\n<li><a href=\"https:\/\/www.yakasaider.fr\/article\/wp-content\/uploads\/2024\/05\/Communique-de-presse-Yakasaider-Mai-2024-1.pdf\" target=\"_blank\" rel=\"noopener\">Communiqu\u00e9 de presse &#8211; Mai 2024<\/a> : Yakasaider.fr d\u00e9mocratise les \u00e9changes de services gratuits partout en France<\/li>\n<li><a href=\"https:\/\/www.yakasaider.fr\/article\/wp-content\/uploads\/2024\/05\/dossier-presse-mai-2024.pdf\" target=\"_blank\" rel=\"noopener\">Dossier de presse &#8211; Mai 2024<\/a> : Yakasaider : Faciliter l\u2019entraide et l\u2019\u00e9change de services gratuits entre particuliers<\/li>\n<\/ul>\n\n<\/div>\n<div class=\"boxshadow \">\n<h2><strong><span style=\"color: #0a99cd;\">Vous souhaitez t\u00e9l\u00e9charger un logo de Yakasaider ?<\/span><\/strong><\/h2>\n<p><img loading=\"lazy\" decoding=\"async\" class=\"size-medium wp-image-1606 aligncenter\" src=\"https:\/\/www.yakasaider.fr\/article\/wp-content\/uploads\/2024\/03\/logo-yakasaider-1-300x300.png\" alt=\"Logo Yakasaider carr\u00e9 sur fond noir\" width=\"300\" height=\"300\" srcset=\"https:\/\/www.yakasaider.fr\/article\/wp-content\/uploads\/2024\/03\/logo-yakasaider-1-300x300.png 300w, https:\/\/www.yakasaider.fr\/article\/wp-content\/uploads\/2024\/03\/logo-yakasaider-1.png 400w\" sizes=\"auto, (max-width: 300px) 100vw, 300px\" \/><\/p>\n<p style=\"text-align: center;\">Logo Yakasaider carr\u00e9 sur fond noir : <a href=\"https:\/\/www.yakasaider.fr\/article\/wp-content\/uploads\/2024\/03\/logo-yakasaider-noir-84.zip\">t\u00e9l\u00e9charger<\/a><\/p>\n<p><img loading=\"lazy\" decoding=\"async\" class=\"wp-image-1610 size-medium aligncenter\" src=\"https:\/\/www.yakasaider.fr\/article\/wp-content\/uploads\/2024\/03\/yakasaider-logo-carre-blanc-22-300x300.png\" alt=\"Logo Yakasaider carr\u00e9 sur fond blanc\" width=\"300\" height=\"300\" srcset=\"https:\/\/www.yakasaider.fr\/article\/wp-content\/uploads\/2024\/03\/yakasaider-logo-carre-blanc-22-300x300.png 300w, https:\/\/www.yakasaider.fr\/article\/wp-content\/uploads\/2024\/03\/yakasaider-logo-carre-blanc-22.png 400w\" sizes=\"auto, (max-width: 300px) 100vw, 300px\" \/><\/p>\n<p style=\"text-align: center;\">Logo Yakasaider carr\u00e9 sur fond blanc : <a href=\"https:\/\/www.yakasaider.fr\/article\/wp-content\/uploads\/2024\/03\/logo-yakasaider-blanc-52.zip\">t\u00e9l\u00e9charger<\/a><\/p>\n<p>&nbsp;<\/p>\n<p><img loading=\"lazy\" decoding=\"async\" class=\"size-medium wp-image-1608 aligncenter\" src=\"https:\/\/www.yakasaider.fr\/article\/wp-content\/uploads\/2024\/03\/logo-300x59.png\" alt=\"Logo Yakasaider Rectangle\" width=\"300\" height=\"59\" srcset=\"https:\/\/www.yakasaider.fr\/article\/wp-content\/uploads\/2024\/03\/logo-300x59.png 300w, https:\/\/www.yakasaider.fr\/article\/wp-content\/uploads\/2024\/03\/logo-1024x200.png 1024w, https:\/\/www.yakasaider.fr\/article\/wp-content\/uploads\/2024\/03\/logo-768x150.png 768w, https:\/\/www.yakasaider.fr\/article\/wp-content\/uploads\/2024\/03\/logo-1536x300.png 1536w, https:\/\/www.yakasaider.fr\/article\/wp-content\/uploads\/2024\/03\/logo-2048x400.png 2048w\" sizes=\"auto, (max-width: 300px) 100vw, 300px\" \/><\/p>\n<p style=\"text-align: center;\">Logo Yakasaider en PNG : <a href=\"https:\/\/www.yakasaider.fr\/article\/wp-content\/uploads\/2024\/03\/logo-yakasaider-png-521.zip\">t\u00e9l\u00e9charger<\/a><\/p>\n<\/div>\n<div class=\"boxshadow \">\n<h2><strong><span style=\"color: #0a99cd;\">Le code couleur Yakasaider\u00a0<\/span><\/strong><\/h2>\n<p><strong>Code couleur :\u00a0<\/strong><\/p>\n<ul>\n<li><span style=\"color: #0a99cd;\">Bleu Yakasaider<\/span> : #0a99cd<\/li>\n<li><span style=\"color: #f48518;\">Orange Yakasaider<\/span> : #f48518<\/li>\n<\/ul>\n<\/div>\n<div class=\"boxshadow \">\n<h2><strong><span style=\"color: #0a99cd;\">Vid\u00e9o explicative du fonctionnement de Yakasaider\u00a0<\/span><\/strong><\/h2>\n<p><iframe loading=\"lazy\" title=\"Yakasaider, comment \u00e7a marche ?\" width=\"600\" height=\"338\" src=\"https:\/\/www.youtube.com\/embed\/bTRJsq422hg?feature=oembed\" frameborder=\"0\" allow=\"accelerometer; autoplay; clipboard-write; encrypted-media; gyroscope; picture-in-picture; web-share\" referrerpolicy=\"strict-origin-when-cross-origin\" allowfullscreen><\/iframe><\/p>\n<p><a href=\"https:\/\/www.yakasaider.fr\/article\/wp-content\/uploads\/2024\/03\/Yakasaider_Amation-V51_FINALE_Voix.zip\" target=\"_blank\" rel=\"noopener\">T\u00e9l\u00e9charger la vid\u00e9o<\/a><\/p>\n<\/div>\n","protected":false},"excerpt":{"rendered":"<p>Espace presse : contactez-nous ou t\u00e9l\u00e9chargez des \u00e9l\u00e9ments graphiques de Yakasaider Bienvenue dans notre section d\u00e9di\u00e9e \u00e0 la presse. Ici, nous avons regroup\u00e9 les ressources n\u00e9cessaires pour ceux qui d\u00e9sirent partager la mission de Yakasaider, ax\u00e9e sur la promotion de l&rsquo;\u00e9change de services gratuits entre particuliers. Vous [&hellip;]<\/p>\n","protected":false},"author":3,"featured_media":0,"parent":0,"menu_order":0,"comment_status":"closed","ping_status":"closed","template":"page-FullWidth.php","meta":{"footnotes":""},"class_list":["post-1603","page","type-page","status-publish","hentry"],"yoast_head":"<!-- This site is optimized with the Yoast SEO plugin v23.7 - https:\/\/yoast.com\/wordpress\/plugins\/seo\/ -->\n<title>Espace Presse de Yakasaider : contact, \u00e9l\u00e9ments graphiques, etc...<\/title>\n<meta name=\"description\" content=\"Vous souhaitez nous contacter ? Vous avez besoin d&#039;\u00e9l\u00e9ments graphiques sur Yakasaider ? Rendez-vous dans notre espace presse.\" \/>\n<meta name=\"robots\" content=\"index, follow, max-snippet:-1, max-image-preview:large, max-video-preview:-1\" \/>\n<link rel=\"canonical\" href=\"https:\/\/www.yakasaider.fr\/article\/contact-presse\/\" \/>\n<meta property=\"og:locale\" content=\"fr_FR\" \/>\n<meta property=\"og:type\" content=\"article\" \/>\n<meta property=\"og:title\" content=\"Espace Presse de Yakasaider : contact, \u00e9l\u00e9ments graphiques, etc...\" \/>\n<meta property=\"og:description\" content=\"Vous souhaitez nous contacter ? Vous avez besoin d&#039;\u00e9l\u00e9ments graphiques sur Yakasaider ? Rendez-vous dans notre espace presse.\" \/>\n<meta property=\"og:url\" content=\"https:\/\/www.yakasaider.fr\/article\/contact-presse\/\" \/>\n<meta property=\"og:site_name\" content=\"Yakasaider\" \/>\n<meta property=\"article:modified_time\" content=\"2024-05-14T12:45:19+00:00\" \/>\n<meta property=\"og:image\" content=\"https:\/\/www.yakasaider.fr\/article\/wp-content\/uploads\/2024\/03\/espace-presse-media-11.jpg\" \/>\n<meta name=\"twitter:card\" content=\"summary_large_image\" \/>\n<meta name=\"twitter:label1\" content=\"Dur\u00e9e de lecture estim\u00e9e\" \/>\n\t<meta name=\"twitter:data1\" content=\"2 minutes\" \/>\n<script type=\"application\/ld+json\" class=\"yoast-schema-graph\">{\"@context\":\"https:\/\/schema.org\",\"@graph\":[{\"@type\":\"WebPage\",\"@id\":\"https:\/\/www.yakasaider.fr\/article\/contact-presse\/\",\"url\":\"https:\/\/www.yakasaider.fr\/article\/contact-presse\/\",\"name\":\"Espace Presse de Yakasaider : contact, \u00e9l\u00e9ments graphiques, etc...\",\"isPartOf\":{\"@id\":\"https:\/\/www.yakasaider.fr\/article\/#website\"},\"primaryImageOfPage\":{\"@id\":\"https:\/\/www.yakasaider.fr\/article\/contact-presse\/#primaryimage\"},\"image\":{\"@id\":\"https:\/\/www.yakasaider.fr\/article\/contact-presse\/#primaryimage\"},\"thumbnailUrl\":\"https:\/\/www.yakasaider.fr\/article\/wp-content\/uploads\/2024\/03\/espace-presse-media-11.jpg\",\"datePublished\":\"2024-03-11T06:38:47+00:00\",\"dateModified\":\"2024-05-14T12:45:19+00:00\",\"description\":\"Vous souhaitez nous contacter ? Vous avez besoin d'\u00e9l\u00e9ments graphiques sur Yakasaider ? Rendez-vous dans notre espace presse.\",\"breadcrumb\":{\"@id\":\"https:\/\/www.yakasaider.fr\/article\/contact-presse\/#breadcrumb\"},\"inLanguage\":\"fr-FR\",\"potentialAction\":[{\"@type\":\"ReadAction\",\"target\":[\"https:\/\/www.yakasaider.fr\/article\/contact-presse\/\"]}]},{\"@type\":\"ImageObject\",\"inLanguage\":\"fr-FR\",\"@id\":\"https:\/\/www.yakasaider.fr\/article\/contact-presse\/#primaryimage\",\"url\":\"https:\/\/www.yakasaider.fr\/article\/wp-content\/uploads\/2024\/03\/espace-presse-media-11.jpg\",\"contentUrl\":\"https:\/\/www.yakasaider.fr\/article\/wp-content\/uploads\/2024\/03\/espace-presse-media-11.jpg\",\"width\":1131,\"height\":236,\"caption\":\"Les m\u00e9dias qui parlent de Yakasaider\"},{\"@type\":\"BreadcrumbList\",\"@id\":\"https:\/\/www.yakasaider.fr\/article\/contact-presse\/#breadcrumb\",\"itemListElement\":[{\"@type\":\"ListItem\",\"position\":1,\"name\":\"Accueil\",\"item\":\"https:\/\/www.yakasaider.fr\/\"},{\"@type\":\"ListItem\",\"position\":2,\"name\":\"Article\",\"item\":\"https:\/\/www.yakasaider.fr\/article\/\"},{\"@type\":\"ListItem\",\"position\":3,\"name\":\"Espace presse : contactez-nous ou t\u00e9l\u00e9chargez des \u00e9l\u00e9ments graphiques de Yakasaider\"}]},{\"@type\":\"WebSite\",\"@id\":\"https:\/\/www.yakasaider.fr\/article\/#website\",\"url\":\"https:\/\/www.yakasaider.fr\/article\/\",\"name\":\"Yakasaider\",\"description\":\"Echange de services entre particuliers\",\"publisher\":{\"@id\":\"https:\/\/www.yakasaider.fr\/article\/#organization\"},\"potentialAction\":[{\"@type\":\"SearchAction\",\"target\":{\"@type\":\"EntryPoint\",\"urlTemplate\":\"https:\/\/www.yakasaider.fr\/article\/?s={search_term_string}\"},\"query-input\":{\"@type\":\"PropertyValueSpecification\",\"valueRequired\":true,\"valueName\":\"search_term_string\"}}],\"inLanguage\":\"fr-FR\"},{\"@type\":\"Organization\",\"@id\":\"https:\/\/www.yakasaider.fr\/article\/#organization\",\"name\":\"Yakasaider\",\"url\":\"https:\/\/www.yakasaider.fr\/article\/\",\"logo\":{\"@type\":\"ImageObject\",\"inLanguage\":\"fr-FR\",\"@id\":\"https:\/\/www.yakasaider.fr\/article\/#\/schema\/logo\/image\/\",\"url\":\"https:\/\/www.yakasaider.fr\/article\/wp-content\/uploads\/2023\/11\/cropped-logo.png\",\"contentUrl\":\"https:\/\/www.yakasaider.fr\/article\/wp-content\/uploads\/2023\/11\/cropped-logo.png\",\"width\":380,\"height\":74,\"caption\":\"Yakasaider\"},\"image\":{\"@id\":\"https:\/\/www.yakasaider.fr\/article\/#\/schema\/logo\/image\/\"}}]}<\/script>\n<!-- \/ Yoast SEO plugin. -->","yoast_head_json":{"title":"Espace Presse de Yakasaider : contact, \u00e9l\u00e9ments graphiques, etc...","description":"Vous souhaitez nous contacter ? Vous avez besoin d'\u00e9l\u00e9ments graphiques sur Yakasaider ? Rendez-vous dans notre espace presse.","robots":{"index":"index","follow":"follow","max-snippet":"max-snippet:-1","max-image-preview":"max-image-preview:large","max-video-preview":"max-video-preview:-1"},"canonical":"https:\/\/www.yakasaider.fr\/article\/contact-presse\/","og_locale":"fr_FR","og_type":"article","og_title":"Espace Presse de Yakasaider : contact, \u00e9l\u00e9ments graphiques, etc...","og_description":"Vous souhaitez nous contacter ? Vous avez besoin d'\u00e9l\u00e9ments graphiques sur Yakasaider ? Rendez-vous dans notre espace presse.","og_url":"https:\/\/www.yakasaider.fr\/article\/contact-presse\/","og_site_name":"Yakasaider","article_modified_time":"2024-05-14T12:45:19+00:00","og_image":[{"url":"https:\/\/www.yakasaider.fr\/article\/wp-content\/uploads\/2024\/03\/espace-presse-media-11.jpg"}],"twitter_card":"summary_large_image","twitter_misc":{"Dur\u00e9e de lecture estim\u00e9e":"2 minutes"},"schema":{"@context":"https:\/\/schema.org","@graph":[{"@type":"WebPage","@id":"https:\/\/www.yakasaider.fr\/article\/contact-presse\/","url":"https:\/\/www.yakasaider.fr\/article\/contact-presse\/","name":"Espace Presse de Yakasaider : contact, \u00e9l\u00e9ments graphiques, etc...","isPartOf":{"@id":"https:\/\/www.yakasaider.fr\/article\/#website"},"primaryImageOfPage":{"@id":"https:\/\/www.yakasaider.fr\/article\/contact-presse\/#primaryimage"},"image":{"@id":"https:\/\/www.yakasaider.fr\/article\/contact-presse\/#primaryimage"},"thumbnailUrl":"https:\/\/www.yakasaider.fr\/article\/wp-content\/uploads\/2024\/03\/espace-presse-media-11.jpg","datePublished":"2024-03-11T06:38:47+00:00","dateModified":"2024-05-14T12:45:19+00:00","description":"Vous souhaitez nous contacter ? Vous avez besoin d'\u00e9l\u00e9ments graphiques sur Yakasaider ? Rendez-vous dans notre espace presse.","breadcrumb":{"@id":"https:\/\/www.yakasaider.fr\/article\/contact-presse\/#breadcrumb"},"inLanguage":"fr-FR","potentialAction":[{"@type":"ReadAction","target":["https:\/\/www.yakasaider.fr\/article\/contact-presse\/"]}]},{"@type":"ImageObject","inLanguage":"fr-FR","@id":"https:\/\/www.yakasaider.fr\/article\/contact-presse\/#primaryimage","url":"https:\/\/www.yakasaider.fr\/article\/wp-content\/uploads\/2024\/03\/espace-presse-media-11.jpg","contentUrl":"https:\/\/www.yakasaider.fr\/article\/wp-content\/uploads\/2024\/03\/espace-presse-media-11.jpg","width":1131,"height":236,"caption":"Les m\u00e9dias qui parlent de Yakasaider"},{"@type":"BreadcrumbList","@id":"https:\/\/www.yakasaider.fr\/article\/contact-presse\/#breadcrumb","itemListElement":[{"@type":"ListItem","position":1,"name":"Accueil","item":"https:\/\/www.yakasaider.fr\/"},{"@type":"ListItem","position":2,"name":"Article","item":"https:\/\/www.yakasaider.fr\/article\/"},{"@type":"ListItem","position":3,"name":"Espace presse : contactez-nous ou t\u00e9l\u00e9chargez des \u00e9l\u00e9ments graphiques de Yakasaider"}]},{"@type":"WebSite","@id":"https:\/\/www.yakasaider.fr\/article\/#website","url":"https:\/\/www.yakasaider.fr\/article\/","name":"Yakasaider","description":"Echange de services entre particuliers","publisher":{"@id":"https:\/\/www.yakasaider.fr\/article\/#organization"},"potentialAction":[{"@type":"SearchAction","target":{"@type":"EntryPoint","urlTemplate":"https:\/\/www.yakasaider.fr\/article\/?s={search_term_string}"},"query-input":{"@type":"PropertyValueSpecification","valueRequired":true,"valueName":"search_term_string"}}],"inLanguage":"fr-FR"},{"@type":"Organization","@id":"https:\/\/www.yakasaider.fr\/article\/#organization","name":"Yakasaider","url":"https:\/\/www.yakasaider.fr\/article\/","logo":{"@type":"ImageObject","inLanguage":"fr-FR","@id":"https:\/\/www.yakasaider.fr\/article\/#\/schema\/logo\/image\/","url":"https:\/\/www.yakasaider.fr\/article\/wp-content\/uploads\/2023\/11\/cropped-logo.png","contentUrl":"https:\/\/www.yakasaider.fr\/article\/wp-content\/uploads\/2023\/11\/cropped-logo.png","width":380,"height":74,"caption":"Yakasaider"},"image":{"@id":"https:\/\/www.yakasaider.fr\/article\/#\/schema\/logo\/image\/"}}]}},"_links":{"self":[{"href":"https:\/\/www.yakasaider.fr\/article\/wp-json\/wp\/v2\/pages\/1603","targetHints":{"allow":["GET"]}}],"collection":[{"href":"https:\/\/www.yakasaider.fr\/article\/wp-json\/wp\/v2\/pages"}],"about":[{"href":"https:\/\/www.yakasaider.fr\/article\/wp-json\/wp\/v2\/types\/page"}],"author":[{"embeddable":true,"href":"https:\/\/www.yakasaider.fr\/article\/wp-json\/wp\/v2\/users\/3"}],"replies":[{"embeddable":true,"href":"https:\/\/www.yakasaider.fr\/article\/wp-json\/wp\/v2\/comments?post=1603"}],"version-history":[{"count":0,"href":"https:\/\/www.yakasaider.fr\/article\/wp-json\/wp\/v2\/pages\/1603\/revisions"}],"wp:attachment":[{"href":"https:\/\/www.yakasaider.fr\/article\/wp-json\/wp\/v2\/media?parent=1603"}],"curies":[{"name":"wp","href":"https:\/\/api.w.org\/{rel}","templated":true}]}}